{"id":1361,"date":"2025-02-07T17:18:37","date_gmt":"2025-02-07T17:18:37","guid":{"rendered":"https:\/\/kosmetik-tieltzsch.de\/?page_id=1361"},"modified":"2025-03-10T12:43:03","modified_gmt":"2025-03-10T12:43:03","slug":"gutscheine","status":"publish","type":"page","link":"https:\/\/kosmetik-tieltzsch.de\/index.php\/gutscheine\/","title":{"rendered":"gutscheine"},"content":{"rendered":"<p>[et_pb_section fb_built=&#8220;1&#8243; fullwidth=&#8220;on&#8220; disabled_on=&#8220;on|off|off&#8220; _builder_version=&#8220;4.27.4&#8243; _module_preset=&#8220;default&#8220; global_colors_info=&#8220;{}&#8220;][et_pb_fullwidth_slider _builder_version=&#8220;4.27.4&#8243; _module_preset=&#8220;default&#8220; link_option_url=&#8220;https:\/\/kosmetik-tieltzsch.de\/index.php\/contact\/&#8220; global_colors_info=&#8220;{}&#8220;][et_pb_slide button_text=&#8220;Erfahren Sie mehr&#8220; button_link=&#8220;https:\/\/kosmetik-tieltzsch.de\/index.php\/contact\/&#8220; _builder_version=&#8220;4.27.4&#8243; _module_preset=&#8220;default&#8220; body_font_size=&#8220;22px&#8220; background_image=&#8220;https:\/\/kosmetik-tieltzsch.de\/wp-content\/uploads\/2025\/01\/1a4ac4c8-cffb-4514-989c-5b4654a06bc7.jpg&#8220; background_enable_image=&#8220;on&#8220; custom_button=&#8220;on&#8220; button_text_size=&#8220;15px&#8220; global_colors_info=&#8220;{}&#8220; sticky_transition=&#8220;on&#8220;]<\/p>\n<p>Kosmetikbehandlungen mit<br \/>Pers\u00f6nlichkeit, Individualit\u00e4t und Professionalit\u00e4t<\/p>\n<p>[\/et_pb_slide][\/et_pb_fullwidth_slider][\/et_pb_section][et_pb_section fb_built=&#8220;1&#8243; fullwidth=&#8220;on&#8220; disabled_on=&#8220;off|on|on&#8220; _builder_version=&#8220;4.27.4&#8243; _module_preset=&#8220;default&#8220; global_colors_info=&#8220;{}&#8220;][et_pb_fullwidth_slider _builder_version=&#8220;4.27.4&#8243; _module_preset=&#8220;default&#8220; link_option_url=&#8220;https:\/\/kosmetik-tieltzsch.de\/index.php\/contact\/&#8220; global_colors_info=&#8220;{}&#8220;][et_pb_slide button_text=&#8220;Erfahren Sie mehr&#8220; button_link=&#8220;https:\/\/kosmetik-tieltzsch.de\/index.php\/contact\/&#8220; _builder_version=&#8220;4.27.4&#8243; _module_preset=&#8220;default&#8220; body_font_size=&#8220;15px&#8220; background_image=&#8220;https:\/\/kosmetik-tieltzsch.de\/wp-content\/uploads\/2025\/01\/1a4ac4c8-cffb-4514-989c-5b4654a06bc7.jpg&#8220; background_enable_image=&#8220;on&#8220; custom_button=&#8220;on&#8220; button_text_size=&#8220;13px&#8220; global_colors_info=&#8220;{}&#8220; sticky_transition=&#8220;on&#8220;]<\/p>\n<p>Kosmetikbehandlungen mit<br \/>Pers\u00f6nlichkeit, Individualit\u00e4t und Professionalit\u00e4t<\/p>\n<p>[\/et_pb_slide][\/et_pb_fullwidth_slider][\/et_pb_section][et_pb_section fb_built=&#8220;1&#8243; disabled_on=&#8220;on|off|off&#8220; _builder_version=&#8220;4.27.4&#8243; _module_preset=&#8220;default&#8220; background_color=&#8220;#f6f6f6&#8243; min_height=&#8220;172px&#8220; global_colors_info=&#8220;{}&#8220;][et_pb_row _builder_version=&#8220;4.27.4&#8243; _module_preset=&#8220;default&#8220; global_colors_info=&#8220;{}&#8220;][et_pb_column type=&#8220;4_4&#8243; _builder_version=&#8220;4.27.4&#8243; _module_preset=&#8220;default&#8220; global_colors_info=&#8220;{}&#8220;][et_pb_text _builder_version=&#8220;4.27.4&#8243; _module_preset=&#8220;default&#8220; text_font_size=&#8220;15px&#8220; global_colors_info=&#8220;{}&#8220;]<\/p>\n<p style=\"text-align: center;\"><strong>Gutscheine<\/strong><br \/>Verschenken Sie eine ganzheitliche Kosmetikbehandlung, mit viel Liebe und Hingabe.<\/p>\n<p>[\/et_pb_text][\/et_pb_column][\/et_pb_row][\/et_pb_section][et_pb_section fb_built=&#8220;1&#8243; disabled_on=&#8220;off|on|on&#8220; _builder_version=&#8220;4.27.4&#8243; _module_preset=&#8220;default&#8220; background_color=&#8220;#f6f6f6&#8243; custom_padding=&#8220;1px||4px|||&#8220; global_colors_info=&#8220;{}&#8220;][et_pb_row _builder_version=&#8220;4.27.4&#8243; _module_preset=&#8220;default&#8220; global_colors_info=&#8220;{}&#8220;][et_pb_column type=&#8220;4_4&#8243; _builder_version=&#8220;4.27.4&#8243; _module_preset=&#8220;default&#8220; global_colors_info=&#8220;{}&#8220;][et_pb_text _builder_version=&#8220;4.27.4&#8243; _module_preset=&#8220;default&#8220; global_colors_info=&#8220;{}&#8220;]<\/p>\n<p style=\"text-align: center;\"><strong>Gutscheine<\/strong><br \/>Verschenken Sie eine ganzheitliche Kosmetikbehandlung, mit viel Liebe und Hingabe.<\/p>\n<p>[\/et_pb_text][\/et_pb_column][\/et_pb_row][\/et_pb_section][et_pb_section fb_built=&#8220;1&#8243; disabled_on=&#8220;on|on|off&#8220; _builder_version=&#8220;4.27.4&#8243; _module_preset=&#8220;default&#8220; background_color=&#8220;#f6f6f6&#8243; custom_padding=&#8220;0px|||||&#8220; hover_enabled=&#8220;0&#8243; global_colors_info=&#8220;{}&#8220; sticky_enabled=&#8220;0&#8243;][et_pb_row column_structure=&#8220;1_2,1_2&#8243; _builder_version=&#8220;4.27.4&#8243; _module_preset=&#8220;default&#8220; background_color=&#8220;#FFFFFF&#8220; global_colors_info=&#8220;{}&#8220;][et_pb_column type=&#8220;1_2&#8243; _builder_version=&#8220;4.27.4&#8243; _module_preset=&#8220;default&#8220; global_colors_info=&#8220;{}&#8220;][et_pb_image src=&#8220;https:\/\/kosmetik-tieltzsch.de\/wp-content\/uploads\/2025\/01\/aadf9755-e489-42a9-a5a3-fe24101f2482.jpg&#8220; title_text=&#8220;Gutscheine_Kosmetik_Tieltzsch&#8220; _builder_version=&#8220;4.27.4&#8243; _module_preset=&#8220;default&#8220; global_colors_info=&#8220;{}&#8220;][\/et_pb_image][\/et_pb_column][et_pb_column type=&#8220;1_2&#8243; _builder_version=&#8220;4.27.4&#8243; _module_preset=&#8220;default&#8220; global_colors_info=&#8220;{}&#8220;][et_pb_heading title=&#8220;F\u00fcr einen besonderen Menschen&#8220; _builder_version=&#8220;4.27.4&#8243; _module_preset=&#8220;default&#8220; custom_margin=&#8220;15px||||false|false&#8220; global_colors_info=&#8220;{}&#8220;][\/et_pb_heading][et_pb_text _builder_version=&#8220;4.27.4&#8243; _module_preset=&#8220;default&#8220; text_font_size=&#8220;15px&#8220; global_colors_info=&#8220;{}&#8220;]<\/p>\n<p>Suchen Sie ein besonderes Geschenk f\u00fcr Ihre Liebsten? <br \/>Mit einem Gutschein von <strong>Kosmetik | Tieltzsch<\/strong> bereiten Sie Freude und schenken wertvolle Momente der Entspannung und Sch\u00f6nheitspflege.<\/p>\n<p>[\/et_pb_text][et_pb_icon font_icon=&#8220;&#xe073;||divi||400&#8243; icon_color=&#8220;#8F8F8F&#8220; icon_width=&#8220;20px&#8220; align=&#8220;left&#8220; _builder_version=&#8220;4.27.4&#8243; _module_preset=&#8220;default&#8220; custom_margin=&#8220;0px||0px||false|false&#8220; custom_padding=&#8220;20px||||false|false&#8220; global_colors_info=&#8220;{}&#8220;][\/et_pb_icon][et_pb_text _builder_version=&#8220;4.27.4&#8243; _module_preset=&#8220;default&#8220; text_font_size=&#8220;15px&#8220; custom_margin=&#8220;-27px|0px|0px|30px|false|false&#8220; global_colors_info=&#8220;{}&#8220;]<\/p>\n<p><strong>bestellbar online, telefonisch oder vor Ort<\/strong><\/p>\n<p>[\/et_pb_text][et_pb_icon font_icon=&#8220;&#xe073;||divi||400&#8243; icon_color=&#8220;#8F8F8F&#8220; icon_width=&#8220;20px&#8220; align=&#8220;left&#8220; _builder_version=&#8220;4.27.4&#8243; _module_preset=&#8220;default&#8220; custom_margin=&#8220;0px||0px||false|false&#8220; custom_padding=&#8220;20px||||false|false&#8220; global_colors_info=&#8220;{}&#8220;][\/et_pb_icon][et_pb_text _builder_version=&#8220;4.27.4&#8243; _module_preset=&#8220;default&#8220; text_font_size=&#8220;15px&#8220; custom_margin=&#8220;-28px|0px|0px|30px|false|false&#8220; global_colors_info=&#8220;{}&#8220;]<\/p>\n<p><strong>als Wertgutschein oder f\u00fcr individuelle Kosmetikbehandlungen<\/strong><\/p>\n<p>[\/et_pb_text][et_pb_icon font_icon=&#8220;&#xe073;||divi||400&#8243; icon_color=&#8220;#8F8F8F&#8220; icon_width=&#8220;20px&#8220; align=&#8220;left&#8220; _builder_version=&#8220;4.27.4&#8243; _module_preset=&#8220;default&#8220; custom_margin=&#8220;0px||0px||false|false&#8220; custom_padding=&#8220;20px||||false|false&#8220; global_colors_info=&#8220;{}&#8220;][\/et_pb_icon][et_pb_text _builder_version=&#8220;4.27.4&#8243; _module_preset=&#8220;default&#8220; text_font_size=&#8220;15px&#8220; custom_margin=&#8220;-28px|0px|0px|30px|false|false&#8220; hover_enabled=&#8220;0&#8243; global_colors_info=&#8220;{}&#8220; sticky_enabled=&#8220;0&#8243;]<\/p>\n<p><strong>in bar, per Rechnung oder EC Karte bezahlbar<\/strong><\/p>\n<p>[\/et_pb_text][et_pb_icon font_icon=&#8220;&#xe073;||divi||400&#8243; icon_color=&#8220;#8F8F8F&#8220; icon_width=&#8220;20px&#8220; align=&#8220;left&#8220; _builder_version=&#8220;4.27.4&#8243; _module_preset=&#8220;default&#8220; custom_margin=&#8220;0px||0px||false|false&#8220; custom_padding=&#8220;20px||||false|false&#8220; hover_enabled=&#8220;0&#8243; global_colors_info=&#8220;{}&#8220; sticky_enabled=&#8220;0&#8243;][\/et_pb_icon][et_pb_text _builder_version=&#8220;4.27.4&#8243; _module_preset=&#8220;default&#8220; text_font_size=&#8220;15px&#8220; custom_margin=&#8220;-28px|0px|0px|30px|false|false&#8220; global_colors_info=&#8220;{}&#8220;]<\/p>\n<p><strong>Versand per Post m\u00f6glich<\/strong><\/p>\n<p>[\/et_pb_text][et_pb_button button_text=&#8220;Jetzt bestellen&#8220; _builder_version=&#8220;4.27.4&#8243; _module_preset=&#8220;default&#8220; button_url=&#8220;https:\/\/kosmetik-tieltzsch.de\/index.php\/contact\/&#8220; button_alignment=&#8220;left&#8220; custom_button=&#8220;on&#8220; button_text_size=&#8220;15px&#8220; button_border_width=&#8220;1px&#8220; button_use_icon=&#8220;off&#8220; custom_padding=&#8220;0px||||false|false&#8220; custom_margin=&#8220;25px|||0px|false|false&#8220; hover_enabled=&#8220;0&#8243; sticky_enabled=&#8220;0&#8243;][\/et_pb_button][et_pb_testimonial author=&#8220;Josefine H.&#8220; portrait_url=&#8220;data:image\/svg+xml;base64,PHN2ZyB3aWR0aD0iNTAwIiBoZWlnaHQ9IjUwMCIgdmlld0JveD0iMCAwIDUwMCA1MDAiIHhtbG5zPSJodHRwOi8vd3d3LnczLm9yZy8yMDAwL3N2ZyI+CiAgICA8ZyBmaWxsPSJub25lIiBmaWxsLXJ1bGU9ImV2ZW5vZGQiPgogICAgICAgIDxwYXRoIGZpbGw9IiNFQkVCRUIiIGQ9Ik0wIDBoNTAwdjUwMEgweiIvPgogICAgICAgIDxyZWN0IGZpbGwtb3BhY2l0eT0iLjEiIGZpbGw9IiMwMDAiIHg9IjY4IiB5PSIzMDUiIHdpZHRoPSIzNjQiIGhlaWdodD0iNTY4IiByeD0iMTgyIi8+CiAgICAgICAgPGNpcmNsZSBmaWxsLW9wYWNpdHk9Ii4xIiBmaWxsPSIjMDAwIiBjeD0iMjQ5IiBjeT0iMTcyIiByPSIxMDAiLz4KICAgIDwvZz4KPC9zdmc+Cg==&#8220; quote_icon_color=&#8220;#E09900&#8243; quote_icon_background_color=&#8220;RGBA(255,255,255,0)&#8220; font_icon=&#8220;&#x7b;||divi||400&#8243; portrait_width=&#8220;1px&#8220; portrait_height=&#8220;1px&#8220; _builder_version=&#8220;4.27.4&#8243; _module_preset=&#8220;default&#8220; body_text_align=&#8220;center&#8220; body_font_size=&#8220;15px&#8220; text_orientation=&#8220;center&#8220; custom_margin=&#8220;55px||||false|false&#8220; hover_enabled=&#8220;0&#8243; global_colors_info=&#8220;{}&#8220; min_height=&#8220;181px&#8220; sticky_enabled=&#8220;0&#8243;]<\/p>\n<p>Sehr nette Inhaberin.<br \/>Die Behandlung war grandios! Ich komme gerne wieder.<br \/>Ganz klare weiterempfehlung!<\/p>\n<p>[\/et_pb_testimonial][\/et_pb_column][\/et_pb_row][\/et_pb_section][et_pb_section fb_built=&#8220;1&#8243; disabled_on=&#8220;off|off|on&#8220; _builder_version=&#8220;4.27.4&#8243; _module_preset=&#8220;default&#8220; background_color=&#8220;#f6f6f6&#8243; custom_padding=&#8220;1px|||||&#8220; global_colors_info=&#8220;{}&#8220;][et_pb_row column_structure=&#8220;1_2,1_2&#8243; _builder_version=&#8220;4.27.4&#8243; _module_preset=&#8220;default&#8220; background_color=&#8220;#FFFFFF&#8220; min_height=&#8220;1240.5px&#8220; custom_margin=&#8220;|auto|3px|auto||&#8220; custom_padding=&#8220;||1px|||&#8220; global_colors_info=&#8220;{}&#8220;][et_pb_column type=&#8220;1_2&#8243; _builder_version=&#8220;4.27.4&#8243; _module_preset=&#8220;default&#8220; global_colors_info=&#8220;{}&#8220;][et_pb_image src=&#8220;https:\/\/kosmetik-tieltzsch.de\/wp-content\/uploads\/2025\/01\/aadf9755-e489-42a9-a5a3-fe24101f2482.jpg&#8220; title_text=&#8220;Gutscheine_Kosmetik_Tieltzsch&#8220; _builder_version=&#8220;4.27.4&#8243; _module_preset=&#8220;default&#8220; global_colors_info=&#8220;{}&#8220;][\/et_pb_image][et_pb_heading title=&#8220;F\u00fcr einen besonderen Menschen&#8220; _builder_version=&#8220;4.27.4&#8243; _module_preset=&#8220;default&#8220; title_text_align=&#8220;left&#8220; title_font_size=&#8220;20px&#8220; custom_margin=&#8220;15px|0px||13px|false|false&#8220; global_colors_info=&#8220;{}&#8220;][\/et_pb_heading][et_pb_text _builder_version=&#8220;4.27.4&#8243; _module_preset=&#8220;default&#8220; custom_margin=&#8220;|13px||13px|false|false&#8220; global_colors_info=&#8220;{}&#8220;]<\/p>\n<p>Suchen Sie ein besonderes Geschenk f\u00fcr Ihre Liebsten?<br \/>Mit einem Gutschein von <strong>Kosmetik | Tieltzsch<\/strong> bereiten Sie Freude und schenken wertvolle Momente der Entspannung und Sch\u00f6nheitspflege.<\/p>\n<p>[\/et_pb_text][et_pb_icon font_icon=&#8220;&#xe073;||divi||400&#8243; icon_color=&#8220;#8F8F8F&#8220; icon_width=&#8220;20px&#8220; align=&#8220;left&#8220; _builder_version=&#8220;4.27.4&#8243; _module_preset=&#8220;default&#8220; custom_margin=&#8220;0px||0px|13px|false|false&#8220; custom_padding=&#8220;20px||||false|false&#8220; global_colors_info=&#8220;{}&#8220;][\/et_pb_icon][et_pb_text _builder_version=&#8220;4.27.4&#8243; _module_preset=&#8220;default&#8220; custom_margin=&#8220;-27px|0px|0px|40px|false|false&#8220; global_colors_info=&#8220;{}&#8220;]<\/p>\n<p><strong>bestellbar online, telefonisch oder vor Ort<\/strong><\/p>\n<p>[\/et_pb_text][et_pb_icon font_icon=&#8220;&#xe073;||divi||400&#8243; icon_color=&#8220;#8F8F8F&#8220; icon_width=&#8220;20px&#8220; align=&#8220;left&#8220; _builder_version=&#8220;4.27.4&#8243; _module_preset=&#8220;default&#8220; custom_margin=&#8220;0px||0px|13px|false|false&#8220; custom_padding=&#8220;20px||||false|false&#8220; global_colors_info=&#8220;{}&#8220;][\/et_pb_icon][et_pb_text _builder_version=&#8220;4.27.4&#8243; _module_preset=&#8220;default&#8220; custom_margin=&#8220;-28px|0px|0px|40px|false|false&#8220; global_colors_info=&#8220;{}&#8220;]<\/p>\n<p><strong>als Wertgutschein oder f\u00fcr individuelle Kosmetikbehandlungen<\/strong><\/p>\n<p>[\/et_pb_text][et_pb_icon font_icon=&#8220;&#xe073;||divi||400&#8243; icon_color=&#8220;#8F8F8F&#8220; icon_width=&#8220;20px&#8220; align=&#8220;left&#8220; _builder_version=&#8220;4.27.4&#8243; _module_preset=&#8220;default&#8220; custom_margin=&#8220;0px||0px|13px|false|false&#8220; custom_padding=&#8220;20px||||false|false&#8220; global_colors_info=&#8220;{}&#8220;][\/et_pb_icon][et_pb_text _builder_version=&#8220;4.27.4&#8243; _module_preset=&#8220;default&#8220; custom_margin=&#8220;-28px|0px|0px|40px|false|false&#8220; hover_enabled=&#8220;0&#8243; global_colors_info=&#8220;{}&#8220; sticky_enabled=&#8220;0&#8243;]<\/p>\n<p><strong>in bar, per Rechnung oder EC Karte bezahlbar<\/strong><\/p>\n<p>[\/et_pb_text][et_pb_icon font_icon=&#8220;&#xe073;||divi||400&#8243; icon_color=&#8220;#8F8F8F&#8220; icon_width=&#8220;20px&#8220; align=&#8220;left&#8220; _builder_version=&#8220;4.27.4&#8243; _module_preset=&#8220;default&#8220; custom_margin=&#8220;0px||0px|13px|false|false&#8220; custom_padding=&#8220;20px||||false|false&#8220; global_colors_info=&#8220;{}&#8220;][\/et_pb_icon][et_pb_text _builder_version=&#8220;4.27.4&#8243; _module_preset=&#8220;default&#8220; custom_margin=&#8220;-28px|0px|0px|40px|false|false&#8220; global_colors_info=&#8220;{}&#8220;]<\/p>\n<p><strong>Versand per Post m\u00f6glich<\/strong><\/p>\n<p>[\/et_pb_text][et_pb_button button_text=&#8220;Jetzt bestellen&#8220; _builder_version=&#8220;4.27.4&#8243; _module_preset=&#8220;default&#8220; button_url=&#8220;https:\/\/kosmetik-tieltzsch.de\/index.php\/contact\/&#8220; hover_enabled=&#8220;0&#8243; sticky_enabled=&#8220;0&#8243; custom_button=&#8220;on&#8220; button_text_size=&#8220;13px&#8220; button_border_width=&#8220;1px&#8220; button_use_icon=&#8220;off&#8220; custom_margin=&#8220;25px|||13px|false|false&#8220;][\/et_pb_button][et_pb_testimonial author=&#8220;Josefine H.&#8220; portrait_url=&#8220;data:image\/svg+xml;base64,PHN2ZyB3aWR0aD0iNTAwIiBoZWlnaHQ9IjUwMCIgdmlld0JveD0iMCAwIDUwMCA1MDAiIHhtbG5zPSJodHRwOi8vd3d3LnczLm9yZy8yMDAwL3N2ZyI+CiAgICA8ZyBmaWxsPSJub25lIiBmaWxsLXJ1bGU9ImV2ZW5vZGQiPgogICAgICAgIDxwYXRoIGZpbGw9IiNFQkVCRUIiIGQ9Ik0wIDBoNTAwdjUwMEgweiIvPgogICAgICAgIDxyZWN0IGZpbGwtb3BhY2l0eT0iLjEiIGZpbGw9IiMwMDAiIHg9IjY4IiB5PSIzMDUiIHdpZHRoPSIzNjQiIGhlaWdodD0iNTY4IiByeD0iMTgyIi8+CiAgICAgICAgPGNpcmNsZSBmaWxsLW9wYWNpdHk9Ii4xIiBmaWxsPSIjMDAwIiBjeD0iMjQ5IiBjeT0iMTcyIiByPSIxMDAiLz4KICAgIDwvZz4KPC9zdmc+Cg==&#8220; quote_icon_color=&#8220;#E09900&#8243; quote_icon_background_color=&#8220;RGBA(255,255,255,0)&#8220; font_icon=&#8220;&#x7b;||divi||400&#8243; portrait_width=&#8220;1px&#8220; portrait_height=&#8220;1px&#8220; _builder_version=&#8220;4.27.4&#8243; _module_preset=&#8220;default&#8220; body_text_align=&#8220;center&#8220; text_orientation=&#8220;center&#8220; custom_margin=&#8220;50px||||false|false&#8220; global_colors_info=&#8220;{}&#8220;]<\/p>\n<p>Sehr nette Inhaberin.<br \/>Die Behandlung war grandios! Ich komme gerne wieder.<br \/>Ganz klare weiterempfehlung!<\/p>\n<p>[\/et_pb_testimonial][\/et_pb_column][et_pb_column type=&#8220;1_2&#8243; _builder_version=&#8220;4.27.4&#8243; _module_preset=&#8220;default&#8220; global_colors_info=&#8220;{}&#8220;][\/et_pb_column][\/et_pb_row][\/et_pb_section]<\/p>\n","protected":false},"excerpt":{"rendered":"<p>Kosmetikbehandlungen mitPers\u00f6nlichkeit, Individualit\u00e4t und Professionalit\u00e4tKosmetikbehandlungen mitPers\u00f6nlichkeit, Individualit\u00e4t und Professionalit\u00e4tGutscheineVerschenken Sie eine ganzheitliche Kosmetikbehandlung, mit viel Liebe und Hingabe.GutscheineVerschenken Sie eine ganzheitliche Kosmetikbehandlung, mit viel Liebe und Hingabe.Suchen Sie ein besonderes Geschenk f\u00fcr Ihre Liebsten? Mit einem Gutschein von Kosmetik | Tieltzsch bereiten Sie Freude und schenken wertvolle Momente der Entspannung und Sch\u00f6nheitspflege.bestellbar online, telefonisch oder [&hellip;]<\/p>\n","protected":false},"author":1,"featured_media":0,"parent":0,"menu_order":0,"comment_status":"closed","ping_status":"closed","template":"","meta":{"_acf_changed":false,"_et_pb_use_builder":"on","_et_pb_old_content":"","_et_gb_content_width":"","footnotes":""},"class_list":["post-1361","page","type-page","status-publish","hentry"],"acf":[],"jetpack_sharing_enabled":true,"_links":{"self":[{"href":"https:\/\/kosmetik-tieltzsch.de\/index.php\/wp-json\/wp\/v2\/pages\/1361","targetHints":{"allow":["GET"]}}],"collection":[{"href":"https:\/\/kosmetik-tieltzsch.de\/index.php\/wp-json\/wp\/v2\/pages"}],"about":[{"href":"https:\/\/kosmetik-tieltzsch.de\/index.php\/wp-json\/wp\/v2\/types\/page"}],"author":[{"embeddable":true,"href":"https:\/\/kosmetik-tieltzsch.de\/index.php\/wp-json\/wp\/v2\/users\/1"}],"replies":[{"embeddable":true,"href":"https:\/\/kosmetik-tieltzsch.de\/index.php\/wp-json\/wp\/v2\/comments?post=1361"}],"version-history":[{"count":41,"href":"https:\/\/kosmetik-tieltzsch.de\/index.php\/wp-json\/wp\/v2\/pages\/1361\/revisions"}],"predecessor-version":[{"id":1492,"href":"https:\/\/kosmetik-tieltzsch.de\/index.php\/wp-json\/wp\/v2\/pages\/1361\/revisions\/1492"}],"wp:attachment":[{"href":"https:\/\/kosmetik-tieltzsch.de\/index.php\/wp-json\/wp\/v2\/media?parent=1361"}],"curies":[{"name":"wp","href":"https:\/\/api.w.org\/{rel}","templated":true}]}}